{"id":3739,"date":"2020-08-13T11:54:58","date_gmt":"2020-08-13T09:54:58","guid":{"rendered":"https:\/\/www.logistikjob.de\/legal-notice\/"},"modified":"2024-11-25T10:18:35","modified_gmt":"2024-11-25T09:18:35","slug":"legal-notice","status":"publish","type":"page","link":"https:\/\/www.logistikjob.de\/en\/legal-notice\/","title":{"rendered":"Legal Notice"},"content":{"rendered":"<p>[vc_row css=&#8221;.vc_custom_1589890956756{padding: 3% !important;background-color: #ffffff !important;}&#8221;][vc_column][vc_column_text]Logisticjob.com is a service provided by<br \/>\n<strong>Logistic Analytic Service Unternehmensberatung GmbH<\/strong><br \/>\nMariannenweg 40<br \/>\n61348 Bad Homburg<\/p>\n<p>Gesch\u00e4ftsf\u00fchrer: Kurt B\u00fchrmann<\/p>\n<p>Tel.: 06172-6826656 \/-57<\/p>\n<p>Mail: info@logistic-analytic.de<br \/>\nWeb: www.logistics.ag<\/p>\n<p>Bad Homburg HRB 11069<br \/>\nUSt.Id.-Nr.: DE207669854[\/vc_column_text][\/vc_column][\/vc_row]<\/p>\n","protected":false},"excerpt":{"rendered":"<p>[vc_row css=&#8221;.vc_custom_1589890956756{padding: 3% !important;background-color: #ffffff !important;}&#8221;][vc_column][vc_column_text]Logisticjob.com is a service provided by Logistic Analytic Service Unternehmensberatung GmbH Mariannenweg 40 61348 Bad Homburg Gesch\u00e4ftsf\u00fchrer: Kurt B\u00fchrmann Tel.: 06172-6826656 \/-57 Mail: info@logistic-analytic.de Web: www.logistics.ag Bad Homburg HRB 11069 USt.Id.-Nr.: DE207669854[\/vc_column_text][\/vc_column][\/vc_row]<\/p>\n","protected":false},"author":62,"featured_media":0,"parent":0,"menu_order":0,"comment_status":"closed","ping_status":"closed","template":"","meta":{"qubely_global_settings":"","qubely_interactions":""},"acf":[],"yoast_head":"<!-- This site is optimized with the Yoast SEO plugin v15.7 - https:\/\/yoast.com\/wordpress\/plugins\/seo\/ -->\n<title>Legal notice: read our policies now | Logistikjob.de<\/title>\n<meta name=\"description\" content=\"Read the legal notice for LogistikJob. Find important information regarding terms, conditions, and our legal policies on using the platform.\" \/>\n<meta name=\"robots\" content=\"noindex, follow\" \/>\n<meta property=\"og:locale\" content=\"en_US\" \/>\n<meta property=\"og:type\" content=\"article\" \/>\n<meta property=\"og:title\" content=\"Legal notice: read our policies now | Logistikjob.de\" \/>\n<meta property=\"og:description\" content=\"Read the legal notice for LogistikJob. Find important information regarding terms, conditions, and our legal policies on using the platform.\" \/>\n<meta property=\"og:url\" content=\"https:\/\/www.logistikjob.de\/en\/legal-notice\/\" \/>\n<meta property=\"og:site_name\" content=\"Logistikjob.de\/en\" \/>\n<meta property=\"article:modified_time\" content=\"2024-11-25T09:18:35+00:00\" \/>\n<meta name=\"twitter:card\" content=\"summary_large_image\" \/>\n<meta name=\"twitter:label1\" content=\"Est. reading time\">\n\t<meta name=\"twitter:data1\" content=\"1 minute\">\n<script type=\"application\/ld+json\" class=\"yoast-schema-graph\">{\"@context\":\"https:\/\/schema.org\",\"@graph\":[{\"@type\":\"Organization\",\"@id\":\"https:\/\/www.logistikjob.de\/en\/#organization\",\"name\":\"Logistikjob.de\",\"url\":\"https:\/\/www.logistikjob.de\/en\/\",\"sameAs\":[],\"logo\":{\"@type\":\"ImageObject\",\"@id\":\"https:\/\/www.logistikjob.de\/en\/#logo\",\"inLanguage\":\"en-US\",\"url\":\"https:\/\/www.logistikjob.de\/wp-content\/uploads\/2020\/08\/Logos_Logistikjob.png\",\"width\":1627,\"height\":257,\"caption\":\"Logistikjob.de\"},\"image\":{\"@id\":\"https:\/\/www.logistikjob.de\/en\/#logo\"}},{\"@type\":\"WebSite\",\"@id\":\"https:\/\/www.logistikjob.de\/en\/#website\",\"url\":\"https:\/\/www.logistikjob.de\/en\/\",\"name\":\"Logistikjob.de\/en\",\"description\":\"Logistic | Trade | Digitization | Production | Storage | Shipping | Transportation | eCommerce\",\"publisher\":{\"@id\":\"https:\/\/www.logistikjob.de\/en\/#organization\"},\"potentialAction\":[{\"@type\":\"SearchAction\",\"target\":\"https:\/\/www.logistikjob.de\/en\/?s={search_term_string}\",\"query-input\":\"required name=search_term_string\"}],\"inLanguage\":\"en-US\"},{\"@type\":\"WebPage\",\"@id\":\"https:\/\/www.logistikjob.de\/en\/legal-notice\/#webpage\",\"url\":\"https:\/\/www.logistikjob.de\/en\/legal-notice\/\",\"name\":\"Legal notice: read our policies now | Logistikjob.de\",\"isPartOf\":{\"@id\":\"https:\/\/www.logistikjob.de\/en\/#website\"},\"datePublished\":\"2020-08-13T09:54:58+00:00\",\"dateModified\":\"2024-11-25T09:18:35+00:00\",\"description\":\"Read the legal notice for LogistikJob. Find important information regarding terms, conditions, and our legal policies on using the platform.\",\"inLanguage\":\"en-US\",\"potentialAction\":[{\"@type\":\"ReadAction\",\"target\":[\"https:\/\/www.logistikjob.de\/en\/legal-notice\/\"]}]}]}<\/script>\n<!-- \/ Yoast SEO plugin. -->","_links":{"self":[{"href":"https:\/\/www.logistikjob.de\/en\/wp-json\/wp\/v2\/pages\/3739"}],"collection":[{"href":"https:\/\/www.logistikjob.de\/en\/wp-json\/wp\/v2\/pages"}],"about":[{"href":"https:\/\/www.logistikjob.de\/en\/wp-json\/wp\/v2\/types\/page"}],"author":[{"embeddable":true,"href":"https:\/\/www.logistikjob.de\/en\/wp-json\/wp\/v2\/users\/62"}],"replies":[{"embeddable":true,"href":"https:\/\/www.logistikjob.de\/en\/wp-json\/wp\/v2\/comments?post=3739"}],"version-history":[{"count":4,"href":"https:\/\/www.logistikjob.de\/en\/wp-json\/wp\/v2\/pages\/3739\/revisions"}],"predecessor-version":[{"id":252833,"href":"https:\/\/www.logistikjob.de\/en\/wp-json\/wp\/v2\/pages\/3739\/revisions\/252833"}],"wp:attachment":[{"href":"https:\/\/www.logistikjob.de\/en\/wp-json\/wp\/v2\/media?parent=3739"}],"curies":[{"name":"wp","href":"https:\/\/api.w.org\/{rel}","templated":true}]}}